{"id":125,"date":"2017-06-26T23:48:22","date_gmt":"2017-06-26T21:48:22","guid":{"rendered":"http:\/\/www.123lmnp.fr\/?page_id=125"},"modified":"2018-12-20T17:01:54","modified_gmt":"2018-12-20T16:01:54","slug":"simulation-en-30s-rapide-et-100-gratuite","status":"publish","type":"page","link":"https:\/\/www.123lmnp.fr\/index.php\/simulation-en-30s-rapide-et-100-gratuite\/","title":{"rendered":"Simulation en 30s. Rapide et 100% Gratuite"},"content":{"rendered":"<div>\n<h3><strong>Quelles sont les 3 villes \u00e9tudiantes de votre r\u00e9gion o\u00f9 il faut investir en 2019 ?<\/strong><\/h3>\n<p>Pour cela compl\u00e9tez la simulation ci-dessous (30 secondes maximum)<\/p>\n<p><script> var eventMethod = window.addEventListener ? \"addEventListener\" : \"attachEvent\";var eventer = window[eventMethod];var messageEvent = eventMethod == \"attachEvent\" ? \"onmessage\" : \"message\"; eventer(messageEvent,function(e) { if (!isNaN(e.data)) document.getElementById('scroll_iframe').setAttribute(\"style\",\"overflow:auto;height:\" + (e.data + 20) + 'px');},false); <\/script><br \/>\n<iframe id=\"edi_iframe_form\" style=\"width: 100%; height: 500px; border: 1px solid #303030; background: #eee;\" src=\"\" width=\"300\" height=\"150\" scrolling=\"no\"><\/iframe><br \/>\n<script>document.getElementById('edi_iframe_form').setAttribute('src', \"https:\/\/www.datazento.com\/form\/5a0a14b0c0e2b92d768b52bdade209b53ec7065c853a15a0a14b0c0ea0\" + location.search);<\/script><\/p>\n<\/div>\n<p><!-- Facebook Pixel Code --><br \/>\n<script>\n!function(f,b,e,v,n,t,s){if(f.fbq)return;n=f.fbq=function(){n.callMethod?\nn.callMethod.apply(n,arguments):n.queue.push(arguments)};if(!f._fbq)f._fbq=n;\nn.push=n;n.loaded=!0;n.version='2.0';n.queue=[];t=b.createElement(e);t.async=!0;\nt.src=v;s=b.getElementsByTagName(e)[0];s.parentNode.insertBefore(t,s)}(window,\ndocument,'script','https:\/\/connect.facebook.net\/en_US\/fbevents.js');\nfbq('init', '1039904512687490', {\nem: 'insert_email_variable,'\n});\nfbq('track', 'PageView');\n<\/script><br \/>\n<noscript><img loading=\"lazy\" height=\"1\" width=\"1\" style=\"display:none\" src=\"https:\/\/www.facebook.com\/tr?id=1039904512687490&#038;ev=PageView&#038;noscript=1\" \/><\/noscript><br \/>\n<!-- DO NOT MODIFY --><br \/>\n<!-- End Facebook Pixel Code --><\/p>\n<p><script type=\"text\/javascript\">\n    window._tfa = window._tfa || [];\n    _tfa.push({ notify: 'mark',type: 'retargeting_tab' });\n<\/script><br \/>\n<script src=\"\/\/cdn.taboola.com\/libtrc\/edilead\/tfa.js\"><\/script><\/p>\n<p><!-- Global site tag (gtag.js) - AdWords: 1005610793 --><br \/>\n<script async src=\"https:\/\/www.googletagmanager.com\/gtag\/js?id=AW-1005610793\"><\/script><br \/>\n<script>\n  window.dataLayer = window.dataLayer || [];\n  function gtag(){dataLayer.push(arguments);}\n  gtag('js', new Date());<\/p>\n<p>  gtag('config', 'AW-1005610793');\n<\/script><\/p>\n<p><script type=\"application\/javascript\">(function(w,d,t,r,u){w[u]=w[u]||[];w[u].push({'projectId':'10000','properties':{'pixelId':'10025352'}});var s=d.createElement(t);s.src=r;s.async=true;s.onload=s.onreadystatechange=function(){var y,rs=this.readyState,c=w[u];if(rs&&rs!=\"complete\"&&rs!=\"loaded\"){return}try{y=YAHOO.ywa.I13N.fireBeacon;w[u]=[];w[u].push=function(p){y([p])};y(c)}catch(e){}};var scr=d.getElementsByTagName(t)[0],par=scr.parentNode;par.insertBefore(s,scr)})(window,document,\"script\",\"https:\/\/s.yimg.com\/wi\/ytc.js\",\"dotq\");<\/script><\/p>\n","protected":false},"excerpt":{"rendered":"<p>Quelles sont les 3 villes \u00e9tudiantes de votre r\u00e9gion o\u00f9 il faut investir en 2019 ? Pour cela compl\u00e9tez la simulation ci-dessous (30 secondes maximum)<\/p>\n","protected":false},"author":2,"featured_media":0,"parent":0,"menu_order":0,"comment_status":"closed","ping_status":"closed","template":"page2.php","meta":[],"_links":{"self":[{"href":"https:\/\/www.123lmnp.fr\/index.php\/wp-json\/wp\/v2\/pages\/125"}],"collection":[{"href":"https:\/\/www.123lmnp.fr\/index.php\/wp-json\/wp\/v2\/pages"}],"about":[{"href":"https:\/\/www.123lmnp.fr\/index.php\/wp-json\/wp\/v2\/types\/page"}],"author":[{"embeddable":true,"href":"https:\/\/www.123lmnp.fr\/index.php\/wp-json\/wp\/v2\/users\/2"}],"replies":[{"embeddable":true,"href":"https:\/\/www.123lmnp.fr\/index.php\/wp-json\/wp\/v2\/comments?post=125"}],"version-history":[{"count":10,"href":"https:\/\/www.123lmnp.fr\/index.php\/wp-json\/wp\/v2\/pages\/125\/revisions"}],"predecessor-version":[{"id":735,"href":"https:\/\/www.123lmnp.fr\/index.php\/wp-json\/wp\/v2\/pages\/125\/revisions\/735"}],"wp:attachment":[{"href":"https:\/\/www.123lmnp.fr\/index.php\/wp-json\/wp\/v2\/media?parent=125"}],"curies":[{"name":"wp","href":"https:\/\/api.w.org\/{rel}","templated":true}]}}